{"id":146,"date":"2023-10-11T12:23:00","date_gmt":"2023-10-11T12:23:00","guid":{"rendered":"https:\/\/research.hip.fi\/qcdtheory\/?page_id=146"},"modified":"2025-12-19T13:41:39","modified_gmt":"2025-12-19T13:41:39","slug":"conferences","status":"publish","type":"page","link":"https:\/\/research.hip.fi\/qcdtheory\/visits-and-visitors\/conferences\/","title":{"rendered":"Conferences"},"content":{"rendered":"\n<h2 class=\"wp-block-heading\">Conferences, workshops and schools in 2025<\/h2>\n\n\n<ul>\n<li><a href=\"https:\/\/indico.cern.ch\/event\/1422718\/\"><span class=\"conference-title-link\">Sp\u00e5tind 2025 &#8211; Nordic Conference on Particle Physics<\/span><\/a>, 2.-7.1.2025, Svingvoll, Norway<br \/><strong>Participants:<\/strong> M. Bertilsson, P. Gimeno, I. Helenius, T. Lappi, J. Laulainen<br \/><strong>Contributed talks:<\/strong> P. Gimeno: &#8220;Inclusive D0 production in Ultraperipheral Collisions&#8221;, <br \/>J. Laulainen: &#8220;Multi-jet production in deep inelastic scattering with Pythia&#8221;<br \/><strong>Organization:<\/strong> I. Helenius, H. Paukkunen, T. Lappi<\/li>\n<li><span class=\"conference-title-link\"><a href=\"https:\/\/indico.cern.ch\/event\/1453086\/\">Quarkonia As Tools 2025<\/a>, 5.-11.1.2025, Centre Paul Langevin, Aussois, France<br \/><strong>Participant:<\/strong> V. Guzey<br \/><strong>Invited talk:<\/strong> V. Guzey: &#8220;Diffractive PDFs&#8221;<\/span><\/li>\n<li><span class=\"conference-title-link\"><a href=\"https:\/\/indico.cern.ch\/event\/1454395\/\">Workshop on Double Parton Scattering and the 3D structure of hadrons<\/a>, 11.-15.1.2025, Centre Paul Langevin, Aussois, France<br \/><strong>Participant:<\/strong> V. Guzey<br \/><strong>Invited talk:<\/strong> V. Guzey: &#8220;Cold nuclear matter effects and UPCs&#8221;<br \/><\/span><\/li>\n<li><span class=\"conference-title-link\"><a href=\"https:\/\/indico.cfnssbu.physics.sunysb.edu\/event\/338\/overview\">Cold Nuclear Matter Effects: From LHC to EIC<\/a>, 13.-16.1, Stony Brook, USA<br \/><strong>Participants:<\/strong> H. Paukkunen<br \/><\/span><span class=\"conference-title-link\"><strong>Invited talk:<\/strong> H. Paukkunen: &#8220;EPPS views on nuclear PDFs&#8221;<\/span><\/li>\n<li><span class=\"conference-title-link\"><a href=\"https:\/\/indico.jlab.org\/event\/871\/\">POETIC 2025, Physics Opportunities at an Electron-Ion Collider XI<\/a>, 24.-28.2.2025, Miami, USA<br \/><strong>Participant:<\/strong> I. Helenius<br \/><strong>Invited talk: <\/strong>I. Helenius: &#8220;Pythia 8 for Electron-Ion Collisions&#8221;<\/span><\/li>\n<li><a href=\"https:\/\/indico.cern.ch\/event\/1436959\/registrations\/participants\">DIS2025: 32nd International Workshop on Deep-Inelastic Scattering and Related Subjects<\/a>, 24.-28.3.2025, Cape Town, South Africa<br \/><strong>Participants:\u00a0<\/strong>C. Casuga, S. Yrj\u00e4nheikki<br \/><strong>Contributed talks:\u00a0<\/strong>C. Casuga: &#8220;Inferring the initial condition for the BK evolution at next-to-leading order accuracy&#8221;, <br \/>S. Yrj\u00e4nheikki: &#8220;Dimuon production in DIS with charm-mass effects&#8221;<\/li>\n<li><a href=\"https:\/\/www.ggi.infn.it\/showevent.pl?id=519\">Probing the CGC and QCD matter at hadron colliders<\/a>, 24.-27.3.2025, Galileo Galilei Institute, Florence, Italy<br \/><strong>Participants:<\/strong> T. Lappi, P. Gimeno Estivill<br \/><strong>Invited talks:<\/strong> T. Lappi: &#8220;Loop calculations in light cone perturbation theory&#8221;, <br \/>P. Gimeno-Estivill: &#8220;Inclusive D^0 photoproduction in UPCs&#8221;<\/li>\n<li><a href=\"https:\/\/www.oulu.fi\/en\/events\/physics-days-2025\">Physics Days 2025<\/a>, 26.-28.3.2025, University of Oulu, Finland<br \/><strong>Participants:<\/strong> I. Helenius, H. M\u00e4ntysaari<br \/><strong>Contributed talk:<\/strong> I. Helenius: &#8220;Pythia 8 simulations for ultra-peripheral heavy-ion collisions&#8221;<br \/><strong>Organization:<\/strong> H. M\u00e4ntysaari: Convener of session &#8220;Nuclear Physics&#8221;<\/li>\n<li><a href=\"https:\/\/moriond.in2p3.fr\/2025\/\">59th Rencontres de Moriond 2025: QCD &amp; High Energy Interactions<\/a>, 30.3.-6.4.2025, La Thuile, Italy<br \/><strong>Participant:<\/strong> F. Hekhorn<br \/><strong>Contributed talk:<\/strong> F. Hekhorn: &#8220;Combination of aN3PDFs and implications for Higgs production cross-sections at the LHC&#8221;<\/li>\n<li><span class=\"conference-title-link\"><a href=\"https:\/\/indico.cern.ch\/event\/1487879\/\">High energy probes of the initial stages<\/a>, 31.3-4.4.2025, CERN, Switzerland<br \/><strong>Participants:<\/strong> D. Avramescu, I. Soudi<br \/><strong>Invited talks:<\/strong> D. Avramescu &#8220;Transport of heavy quarks and jets in the glasma pre-equilibrium stage&#8221;,\u00a0<br \/>I. Soudi: &#8220;Jets in small systems&#8221;<\/span><\/li>\n<li><a href=\"https:\/\/indico.cern.ch\/event\/1334113\/\">Quark Matter 2025<\/a> , 6.-12.4.2025, Frankfurt am Main, Germany<br \/><strong>Participants:<\/strong> J. Auvinen, D. Avramescu, K. J. Eskola, T. Lappi, N. Mallick, H. M\u00e4ntysaari, H. Niemi, Pooja, I. Soudi, C. Sporleder<br \/><strong>Invited plenary talk:<\/strong> I. Soudi: &#8220;Theory overview of medium response and hard-soft correlation&#8221;<br \/><strong>Contributed talks:<\/strong> T. Lappi: &#8220;NLO calculations at small x&#8221;,<br \/>H. M\u00e4ntysaari: &#8220;Perturbative high-energy evolution in the IP-Glasma initial state&#8221;, <br \/>H. Niemi: &#8220;Monte Carlo EKRT event generator for initializing 3+1 D fluid dynamics in high energy nuclear collisions&#8221;<br \/><strong>Flash talks: <\/strong>D. Avramescu: &#8220;Flash talk: Heavy flavor angular correlations as a direct probe of the glasma&#8221;<br \/><strong>Posters:<\/strong> J. Auvinen, K. J. Eskola, H. Hirvonen, H. Niemi: &#8220;Studying saturation dynamics and hotspot fluctuations in ultrarelativistic heavy-ion collisions with neural networks&#8221;, <br \/>J. Auvinen: &#8220;Neural network enhanced Bayesian analysis of heavy-ion observables using EbyE-EKRT model with dynamical freeze-out&#8221;,\u00a0<br \/>D. Avramescu: &#8220;Heavy flavor angular correlations as a direct probe of the glasma&#8221;,\u00a0<br \/>N. Mallick: &#8220;Probing the exotic -cluster profile of 16O nuclei through anisotropic flow fluctuations in 16O-16O collisions at the LHC&#8221;,\u00a0<br \/>Pooja: &#8220;EPJ Featured Poster: Heavy quarks in the pre-equilibrium stage of relativistic nuclear collisions&#8221;<br \/><strong>Organization:<\/strong> K. J. Eskola: member of the International Advisory Committee<\/li>\n<li><span class=\"conference-title-link\"><a href=\"https:\/\/indico.cfnssbu.physics.sunysb.edu\/event\/342\/\">Extracting the Strong Coupling at the EIC and other Future Colliders<\/a>, 5.-7.5.2025, Stony Brook University, NY, USA<br \/><strong>Remote participant:<\/strong> F. Hekhorn<br \/><\/span><\/li>\n<li><a href=\"https:\/\/indico.cern.ch\/event\/1419878\/\">Large Hadron Collider Physics 2025<\/a>, 4.-9.5.2025, Taipei, Taiwan<br \/><strong>Participants:<\/strong> I. Soudi<br \/><strong>Invited talk:<\/strong> I. Soudi: &#8220;Small systems: theory overview &#8211; energy loss&#8221;<\/li>\n<li><a href=\"https:\/\/indico.cern.ch\/event\/1519097\/\"><span class=\"conference-title-link\">Pythia week Spring 2025<\/span><\/a>, 12.-16.5.2025, Lund, Sweden <br \/><strong>Participants:<\/strong> I. Helenius, J. Laulainen<br \/><strong>Seminar:<\/strong> &#8220;<span style=\"font-size: revert\">Multi-Jet Production and other DIS developments <\/span><span style=\"font-size: revert\">in Pythia&#8221;<\/span><br \/><strong>Organization:<\/strong> I. Helenius: Chair for sessions &#8220;Collaboration meeting&#8221; and &#8220;Management review&#8221;<\/li>\n<li><span class=\"conference-title-link\"><a href=\"https:\/\/indico.cern.ch\/event\/1527574\/\">European Strategy for Particle Physics &#8211; Strong Interactions Open WG Meeting<\/a>, 14.5, Online<br \/><strong>Participants:<\/strong> H. Paukkunen<br \/><\/span><span class=\"conference-title-link\"><strong>Invited talk:<\/strong> H. Paukkunen: &#8220;Nuclear PDFs&#8221;<\/span><\/li>\n<li>\n<p style=\"font-weight: 400\">ALICE HIP-project review, 3.6.2025, Jyv\u00e4skyl\u00e4<br \/><strong>Invited talk:<\/strong> H. Niemi: \u201cEKRT phenomenology and global analysis\u201d<\/p>\n<\/li>\n<li><span class=\"conference-title-link\"><span class=\"conference-title-link\"><a href=\"https:\/\/indico.global\/event\/9992\/\">UPC2025: The second international workshop on the physics of Ultra Peripheral Collisions<\/a>, 9.-13.6.2025, Saariselk\u00e4, Finland<br \/><strong>Participants:<\/strong> M. Bertilsson, M. Chithirasreemadam, K. J. Eskola, P. Gimeno-Estivill, V. Guzey, I. Helenius, T. Lappi, H. M\u00e4ntysaari, P. Paakkinen, P. Runko, X. Tong<br \/><strong>Invited talks:<\/strong> V. Guzey: &#8220;Partonic structure of nuclei from UPCs&#8221;,\u00a0<br \/>T. Lappi: &#8220;Overview of different approaches to exclusive production at small x&#8221;,\u00a0<br \/>I. Helenius: &#8220;Photo-nuclear collisions in Pythia 8&#8221;<br \/><strong>Contributed talks:<\/strong> P. Gimeno-Estivill: &#8220;Inclusive D0 photoproduction in ultra-peripheral collisions&#8221;, <br \/>X. Tong: &#8220;Nucleon energy correlator for the odderon&#8221; <br \/><strong>Organization:\u00a0<\/strong>I. Helenius, H. M\u00e4ntysaari: Chairs of the local organizing committee, <br \/>T. Lappi: Co-chair of International Program Committee,\u00a0<br \/><\/span><\/span><span style=\"font-size: revert\">M. Bertilsson, M. Chithirasreemadam, K. J. Eskola, V. Guzey, T. Lappi, P. Paakkinen, H. Paukkunen, P. Runko: Members of the local organizing committee<\/span><\/li>\n<li><a href=\"https:\/\/zakopane.if.uj.edu.pl\/event\/34\/\">65. Cracow school of theoretical pysics<\/a>, 14.-21.6.2025, Zakopane, Poland<br \/><strong>Participant:<\/strong> T. Lappi<br \/><strong>Invited lecture:<\/strong> &#8220;Loop calculations in light cone perturbation theory&#8221;<\/li>\n<li><a href=\"https:\/\/indico.global\/event\/14968\/\">YoctoLHC meeting<\/a>, 16.6.-18.6.2025, Santiago de Compostela, Spain<br \/><strong>Participants:<\/strong> Harri Niemi, Ismail Soudi<br \/><strong>Talks: <\/strong>Harri Niemi: &#8220;Progress in Hydro+EKRT&#8221;, <br \/>Ismail Soudi: &#8220;Exploring the interplay of high-pT particles and the underlying event&#8221;<\/li>\n<li><span class=\"conference-title-link\"><a href=\"https:\/\/indico.jlab.org\/event\/935\/\">Summer School &#8220;Light-ion physics in the EIC era: From nuclear structure to high-energy processes&#8221;<\/a>, 19.-27.6.2025, Florida International University, Miami, USA<br \/><strong>Remote lecture:<\/strong> V. Guzey, &#8220;Nuclear partons at small x: Shadowing&#8221;<\/span><\/li>\n<li><a href=\"https:\/\/indico.jlab.org\/event\/930\/\"><span class=\"conference-title-link\">MC4EIC 2025<\/span><\/a>, 9.-11.7.2025, JLab, Newport News, USA<br \/><strong>Participant:<\/strong> I. Helenius<br \/><strong>Invited talk:<\/strong> I. Helenius: &#8220;Event Generators Overview and MC4EIC Recap&#8221;<br \/><strong>Organization<\/strong>: I. Helenius in organizing committee<\/li>\n<li><span class=\"conference-title-link\"><a href=\"https:\/\/indico.fis.ucm.es\/event\/30\/\">2nd European School on the Physics of the EIC and Related Topics<\/a>, 22.6.-2.7.2025, Benic\u00e0ssim, Spain<br \/><strong>Participants:<\/strong> M. Bertilsson, M. Chithirasreemadam, T. Lappi, J. Laulainen, P. Runko, S. Yrj\u00e4nheikki<br \/><strong>Contributed talks:<\/strong> M. Bertilsson: &#8220;Matching the dipole picture with collinear factorization&#8221;,\u00a0<br \/><\/span><span class=\"conference-title-link\">M. Chithirasreemadam: &#8220;New PDFs of the real Photon&#8221;,\u00a0<br \/>P. Runko: &#8220;Diffractive Structure Functions with JIMWLK&#8221;,<br \/>S. Yrj\u00e4nheikki: &#8220;Dimuon production in DIS with charm-mass effects&#8221;<br \/><strong>Lecture:<\/strong> T. Lappi: &#8220;Low-x physics&#8221;<br \/><\/span><\/li>\n<li>\n<div><a href=\"https:\/\/indico.jlab.org\/event\/934\/overview\">EIC User Group &amp; ePIC Joint Collaboration Meeting<\/a>, 14.-18.7.2025, JLab, Newport News, USA<\/div>\n<div><strong>Participant:<\/strong> I. Helenius<\/div>\n<div><strong>Invited talk:<\/strong> I. Helenius: &#8220;Report from the MC4EIC WG&#8221;<\/div>\n<\/li>\n<li>\n<div class=\"elementToProof\" data-ogsc=\"rgb(0, 0, 0)\"><a href=\"https:\/\/benasque.org\/2025qcd\/cgi-bin\/appl.pl\">High energy QCD: from the LHC to the EIC<\/a>, 3.-16.8.2025, Benasque Science Center, Spain<\/div>\n<div class=\"elementToProof\" data-ogsc=\"rgb(0, 0, 0)\"><strong>Participants:<\/strong> P. Gimeno-Estivill, T. Lappi, M. Tevio<\/div>\n<div class=\"elementToProof\" data-ogsc=\"rgb(0, 0, 0)\"><strong>Contributed talks:<\/strong> P. Gimeno-Estivill: &#8220;Gluon dipole factorization for diffractive heavy quarks&#8221;,<br \/>T. Lappi: &#8220;Dipole picture diffractive structure function at NLO&#8221;,\u00a0<br \/>M. Tevio: &#8220;Evolution of structure functions at NLO without PDFs&#8221;<\/div>\n<\/li>\n<li><span class=\"conference-title-link\"><span class=\"conference-title-link\"><a href=\"https:\/\/indico.cern.ch\/event\/1479384\/\">The \u2167-th International Conference on the Initial Stages of High-Energy Nuclear Collisions : Initial Stages 2025<\/a>, 7.-12.9.2025, Taipei, Taiwan<br \/><strong>Participants:<\/strong> D. Avramescu, M. Bertilsson, C. Casuga, M. Chithirasreemadam, H. M\u00e4ntysaari, S. Yrj\u00e4nheikki<br \/><strong>Invited plenary talk:<\/strong> D. Avramescu: &#8220;Pre-Equilibrium and Early-Time Jet Momentum Broadening and HQ diffusion&#8221;,\u00a0<br \/>H. M\u00e4ntysaari: &#8220;How do we obtain definitive evidence of gluon saturation and the CGC?&#8221;<br \/><strong>Contributed talks:<\/strong> C. Casuga: &#8220;Inferring the initial condition for the BK evolution at next-to-leading order accuracy&#8221;,<br \/>M. Chithirasreemadam: &#8220;New parton distributions of the real photon&#8221;,<br \/>H. M\u00e4ntysaari: &#8220;Next Initial Stages&#8221;<br \/><strong>Posters:<\/strong> M. Bertilsson: &#8220;Matching the dipole picture with collinear factorization&#8221;,<br \/>S. Yrj\u00e4nheikki: &#8220;Dimuon production in DIS with charm-mass effects&#8221;<br \/><\/span><\/span><span class=\"conference-title-link\"><strong>Organization:<\/strong> H. M\u00e4ntysaari: convener in Parallel Session 6,<br \/>D. Avramescu: convener in Parallel Session 12<\/span><\/li>\n<li><span class=\"conference-title-link\"><span class=\"conference-title-link\"><a href=\"https:\/\/indico.cern.ch\/event\/1462029\/\">QCD@LHC 2025<\/a>, Stony Brook University, NY, USA<br \/><strong>Participants:<\/strong> F. Hekhorn, H. Paukkunen<br \/><strong>Contributed talks:<\/strong> F. Hekhorn: &#8220;<\/span><\/span><span style=\"font-size: revert\">Progress in the NNPDF global analysis framework&#8221;,\u00a0<br \/>H. Paukkunen: &#8220;EPPS views on nuclear PDFs&#8221;<\/span><\/li>\n<li data-ogsc=\"rgb(0, 0, 0)\">\n<div class=\"elementToProof\" role=\"presentation\"><a href=\"https:\/\/indico.ifj.edu.pl\/event\/1417\/\">Joint ECFA-NuPECC-APPEC Workshop <i>&#8220;<\/i>Synergies between the EIC and the LHC\u201d<\/a>,\u00a0 22-24.9.2025, IFJ PAN, Krakow, Poland<br \/><strong>Participants:<\/strong> V. Guzey<br \/><strong>Invited talk:<\/strong> V. Guzey: &#8220;Nuclear effects in UPCs and implications for EIC<i>&#8220;<\/i><\/div>\n<\/li>\n<li><a href=\"https:\/\/users.jyu.fi\/~ilmahele\/KonnevesiRetreat2025program.pdf\">4th Annual Retreat of the Jyv\u00e4skyl\u00e4 Centre of Excellence in Quark Matter<\/a>, 2.-3.10.2025, Konnevesi research station, Finland<br \/><strong>Participants:<\/strong> V. Alanko, D. Avramescu, M. Bertilsson, C. Brito, C. Casuga, M. Chithirasreemadam, K. J. Eskola, O. Fedkevych, V. Guzey, F. Hekhorn, I. Helenius, A. Kaushik, K. Kukkonen, T. Lappetel\u00e4inen, T. Lappi, J. Laulainen, S. Mulani, H. M\u00e4ntysaari, H. Paukkunen, Pooja, P. Runko, X. Tong, S. Yrj\u00e4nheikki<br \/><strong>Contributed talks:<\/strong> V. Alanko, M. Bertilsson, K. J. Eskola, O. Fedkevych, I. Helenius, A. Kaushik, T. Lappi, S. Mulani, H. M\u00e4ntysaari, H. Paukkunen, P. Runko<br \/><strong>Organization:<\/strong> I. Helenius, H. M\u00e4ntysaari, T. Lappi<\/li>\n<li><span class=\"conference-title-link\"><a href=\"https:\/\/indico.cern.ch\/event\/1553687\/\">LHC Monte Carlo WG plenary meeting<\/a>, <\/span>8.-9.10.2025,<span class=\"conference-title-link\">\u00a0CERN, Switzerland<\/span><\/li>\n<li><span class=\"conference-title-link\"><strong>Participants:<\/strong> I. Helenius, J. Laulainen<br \/><strong>Contributed talks:<\/strong> I. Helenius: &#8220;Pythia news&#8221;<br \/><\/span><\/li>\n<li><a href=\"https:\/\/indico.cern.ch\/event\/1566194\/\">MCnet Open Meeting<\/a>, 10.10.2025, <span class=\"conference-title-link\">CERN, Switzerland<\/span><br \/><span class=\"conference-title-link\"><strong>Participants:<\/strong> I. Helenius, J. Laulainen<br \/><strong>Contributed talks:<\/strong> J. Laulainen, &#8220;DIS precision improvements in Pythia&#8221;<\/span><\/li>\n<li><a href=\"https:\/\/indico.global\/event\/15790\/\">Particle Physics Days 2025<\/a>, 13.-14.11.2025, Hyyti\u00e4l\u00e4 forest station, Finland\n<div class=\"elementToProof\" data-ogsc=\"rgb(0, 0, 0)\"><strong>Participants:<\/strong> V. Alanko, M. Bertilsson, C. de Brito, M. Chithirasreemadam, A. Dung Le, K. J. Eskola, O. Fedkevych, P. Gimeno-Estivill, V. Guzey, I. Helenius, A. Kaushik, K. Kukkonen, T. Lappi, S. Mulani, H. M\u00e4ntysaari, P. Paakkinen, Pooja, F. Smits, X. Tong<\/div>\n<div class=\"elementToProof\" data-ogsc=\"rgb(0, 0, 0)\"><strong>Contributed talks: <\/strong>P. Paakkinen et al.: &#8220;<span class=\"timetable-title nested\" data-anchor=\"33-early-career-researchers-su\" data-anchor-strip-arg=\"note\"><span class=\"timetable-title nested\" data-anchor=\"33-early-career-researchers-su\" data-anchor-strip-arg=\"note\">Early Career Researchers &#8211; summary from ECFA ECRs&#8221;,\u00a0<\/span><\/span><\/div>\n<div class=\"elementToProof\" data-ogsc=\"rgb(0, 0, 0)\"><span class=\"timetable-title nested\" data-anchor=\"33-early-career-researchers-su\" data-anchor-strip-arg=\"note\"><span class=\"timetable-title nested\" data-anchor=\"33-early-career-researchers-su\" data-anchor-strip-arg=\"note\">M. Bertilsson: &#8220;The LO DIS dipole picture in exact kinematics&#8221;,<br \/><span class=\"\">C. de Brito: &#8220;<\/span>Nonhydrodynamic effects in ultrarelativistic gases&#8221;,<br \/>V. Guzey: &#8220;QCD in UPCs&#8221;,<\/span><\/span><span class=\"timetable-title nested\" data-anchor=\"33-early-career-researchers-su\" data-anchor-strip-arg=\"note\"><br \/>H. Niemi: &#8220;Neural network enhanced Bayesian global analysis of relativistic heavy ion collisions&#8221;<br \/><\/span><span class=\"timetable-title nested\" data-anchor=\"33-early-career-researchers-su\" data-anchor-strip-arg=\"note\"><strong>Organization:<\/strong> I. Helenius: convener for session &#8220;QCD theory&#8221;, <br \/>P. Runko: member of organizing committee<br \/><\/span><\/div>\n<\/li>\n<li><span class=\"conference-title-link\"><a href=\"https:\/\/indico.desy.de\/event\/46741\/\">Terascale Monte Carlo School 2025<\/a>, 24.-28.11.2025, DESY, Germany<br \/><strong>Participants:<\/strong> J. Laulainen<br \/><strong>Invited lecture:<\/strong> J. Laulainen: &#8220;Pythia MC tutorial&#8221;<\/span><\/li>\n<\/ul>\n\n\n<p><\/p>\n\n\n\n<p><\/p>\n","protected":false},"excerpt":{"rendered":"<p>Conferences, workshops and schools in 2025 Sp\u00e5tind 2025 &#8211; Nordic Conference on Particle Physics, 2.-7.1.2025, Svingvoll, NorwayParticipants: M. Bertilsson, P. Gimeno, I. Helenius, T. Lappi, J. LaulainenContributed talks: P. Gimeno: &#8220;Inclusive D0 production in Ultraperipheral Collisions&#8221;, J. Laulainen: &#8220;Multi-jet production in deep inelastic scattering with Pythia&#8221;Organization: I. Helenius, H. Paukkunen, T. Lappi Quarkonia As Tools [&hellip;]<\/p>\n","protected":false},"author":2,"featured_media":0,"parent":136,"menu_order":0,"comment_status":"closed","ping_status":"closed","template":"","meta":{"footnotes":""},"class_list":["post-146","page","type-page","status-publish","hentry","post"],"_links":{"self":[{"href":"https:\/\/research.hip.fi\/qcdtheory\/wp-json\/wp\/v2\/pages\/146","targetHints":{"allow":["GET"]}}],"collection":[{"href":"https:\/\/research.hip.fi\/qcdtheory\/wp-json\/wp\/v2\/pages"}],"about":[{"href":"https:\/\/research.hip.fi\/qcdtheory\/wp-json\/wp\/v2\/types\/page"}],"author":[{"embeddable":true,"href":"https:\/\/research.hip.fi\/qcdtheory\/wp-json\/wp\/v2\/users\/2"}],"replies":[{"embeddable":true,"href":"https:\/\/research.hip.fi\/qcdtheory\/wp-json\/wp\/v2\/comments?post=146"}],"version-history":[{"count":74,"href":"https:\/\/research.hip.fi\/qcdtheory\/wp-json\/wp\/v2\/pages\/146\/revisions"}],"predecessor-version":[{"id":809,"href":"https:\/\/research.hip.fi\/qcdtheory\/wp-json\/wp\/v2\/pages\/146\/revisions\/809"}],"up":[{"embeddable":true,"href":"https:\/\/research.hip.fi\/qcdtheory\/wp-json\/wp\/v2\/pages\/136"}],"wp:attachment":[{"href":"https:\/\/research.hip.fi\/qcdtheory\/wp-json\/wp\/v2\/media?parent=146"}],"curies":[{"name":"wp","href":"https:\/\/api.w.org\/{rel}","templated":true}]}}