{"id":142,"date":"2023-10-11T12:22:25","date_gmt":"2023-10-11T12:22:25","guid":{"rendered":"https:\/\/research.hip.fi\/qcdtheory\/?page_id=142"},"modified":"2023-10-20T12:39:42","modified_gmt":"2023-10-20T12:39:42","slug":"opiskelijoille-jyu-students","status":"publish","type":"page","link":"https:\/\/research.hip.fi\/qcdtheory\/opiskelijoille-jyu-students\/","title":{"rendered":"Opiskelijoille \/ JYU students"},"content":{"rendered":"<p>Tutkimme kvarkkien ja gluonien vuorovaikutuksia, joita kuvaava hiukkasfysiikan standardimallin osa on kvanttiv\u00e4ridynamiikka, QCD. Ryhm\u00e4mme erityisalana on kvanttiv\u00e4ridynamiikka raskailla atomiytimill\u00e4 teht\u00e4viss\u00e4 t\u00f6rm\u00e4yskokeissa. Kvanttiv\u00e4ridynamiikan h\u00e4iri\u00f6teoriaa k\u00e4yt\u00e4mme raskaiden atomiytimien kvarkkien ja gluonien vuorovaikutusten ymm\u00e4rt\u00e4miseksi. T\u00e4rke\u00e4 tutkimuskohde on erityisesti vahvasti vuorovaikuttava alkeishiukkasaine, kvarkkigluoniplasma, jota tuotetaan\u00a0 CERN-LHCn ja BNL-RHICn t\u00f6rm\u00e4yskokeissa. Pyrimme tekem\u00e4\u00e4n ennusteita n\u00e4iss\u00e4 t\u00f6rm\u00e4yskokeissa mitattaville suureille, joiden perusteella kvarkkigluoniplasman ominaisuudet voidaan m\u00e4\u00e4ritt\u00e4\u00e4, t\u00e4ss\u00e4 mallinnuksessa keskeisen\u00e4 osana on my\u00f6s relativistinen virtausdynamiikka.<\/p>\n<p>Yhdess\u00e4 <a href=\"https:\/\/www.jyu.fi\/science\/fi\/fysiikka\/tutkimus\/hiukkasfysiikka\/alice-ja-ydinreaktioryhma\" data-val=\"0463c72361cf4085b4e91454e443ba15\" data-linktype=\"internal\">ALICE-ryhm\u00e4n<\/a> kanssa muodostamme Suomen Akatemian valitseman <a href=\"https:\/\/www.jyu.fi\/science\/fi\/fysiikka\/tutkimus\/hiukkasfysiikka\/coe\/kvarkkiaineen-tutkimuksen-huippuyksikko\" data-val=\"21a6959c01084f999203b41de1cf8fa5\" data-linktype=\"internal\">Kvarkkiaineen tutkimuksen huippuyksik\u00f6n.<\/a><\/p>\n<p>Lis\u00e4tietoa tutkimustuloksista, toiminnasta ja ryhm\u00e4n tutkijoista <a href=\"https:\/\/research.hip.fi\/qcdtheory\/\" data-val=\"8014a39c8cdf4e0686e47fb98a58095a\" data-linktype=\"internal\">englanninkielisill\u00e4 sivuilla<\/a>.<\/p>\n<p><a href=\"https:\/\/research.hip.fi\/qcdtheory\/personnel\/\" data-val=\"540183f7b39648e094550ca322b8c95e\" data-linktype=\"internal\">Ryhm\u00e4n henkil\u00f6st\u00f6<\/a><\/p>\n<h2>Mahdollisia opinn\u00e4ytety\u00f6n aiheita<\/h2>\n<p>Mahdollisia opinn\u00e4ytety\u00f6n aiheita voi tiedustella kaikilta ryhm\u00e4n <a href=\"https:\/\/research.hip.fi\/qcdtheory\/personnel\/\">vanhemmilta tutkijoilta<\/a>. Alla on lista joistain esimerkkiaiheista. Kannattaa my\u00f6s katsoa mink\u00e4laisia opinn\u00e4ytet\u00f6it\u00e4 ryhm\u00e4ss\u00e4mme on aiemmin tehty <a href=\"https:\/\/research.hip.fi\/qcdtheory\/theses\/\">Opinn\u00e4ytety\u00f6t-sivulta.<\/a><\/p>\n<ul>\n<li>\u00a0Hila-QCD:n etumerkkiongelma ja sen mahdollisia ratkaisuja (kompleksinen Langevin-yht\u00e4l\u00f6, Lefschetz thimble jne), mahdollisesti esimerkkin\u00e4 analyyttisestikin ratkeava tapaus, Kandity\u00f6, erikoisty\u00f6 tai gradu, ohjaaja Tuomas Lappi<\/li>\n<li>Relativistisen vetyatomin energiatilat Diracin yht\u00e4l\u00f6st\u00e4, esitiedot kvantti I, erikoisty\u00f6, ohjaaja Kari J. Eskola<\/li>\n<li>DGLAP-yht\u00e4l\u00f6n diagonalisointi Mellin-muunnoksella, kandity\u00f6, ohjaaja Hannu Paukkunen<\/li>\n<li>D&#8217;Agostinin harha: Hiukkasfysiikan mittauksissa on virheen etenemisen kanssa oltava tarkkana! Klassisena esimerkkin\u00e4, huolimaton k\u00e4sittely sovitettaessa protonin rakennefunktioita kokeelliseen dataan johtaa ihmeelliseen ristiriitaiseen tilanteeseen, jossa protoni haluaisi kantaa enemm\u00e4n kuin oman liikem\u00e4\u00e4r\u00e4ns\u00e4.\u00a0 T\u00e4m\u00e4 sudenkuoppa tunnetaan D&#8217;Agostinin harhana. Ohjaaja: Hannu Paukkunen<\/li>\n<li>Diffraktio hiukkaskiihdyttimiss\u00e4: Diffraktio on klassisesta fysiikasta tuttua. Hiukkaskiihdytinkokeissa voidaan havaita vastaava ilmi\u00f6, jonka kuvailemiseen tarvitaan kvanttimekaniikkaa. T\u00e4llaisia prosesseja tutkimalla voidaan selvitt\u00e4\u00e4 esimerkiksi protonien ja ytimien kvarkki- ja gluonitiheyksi\u00e4 sek\u00e4 geometrista rakennetta. Tutkielmassa k\u00e4yd\u00e4\u00e4n l\u00e4pi ns. Good-Walkerin kvanttimekaaninen k\u00e4sittely diffraktiiviselle sironnalle ja sen sovelluksia kiihdytinkokeisiin. Erikoisty\u00f6 tai gradu. Tarvittavat esitiedot: kvanttimekaniikka 1, ohjaaja Heikki M\u00e4ntysaari<\/li>\n<li>Erikoisfunktion kompleksi-integraaliesitys ja asymptoottinen kehitelm\u00e4, erikoisty\u00f6, ohjaaja Kari J. Eskola. Esitiedot: kompleksianalyysin alkeet. Erikoisfunktioksi valitaan esim. Besselin funktio, Airyn funktio tai muu vastaava.<\/li>\n<li>Kvarkittoman QCD:n faasitransitio hilalla, numeerinen lasku. Erikoisty\u00f6 tai gradu, ohjaaja Tuomas Lappi<\/li>\n<li>Quarkonium-tilan leptoninen hajoaminen yhteen lenkkiin (ns. &#8220;looppiin&#8221;) QCD:n h\u00e4iri\u00f6teoriassa <a href=\"http:\/\/inspirehep.net\/record\/107082?ln=en\" data-linktype=\"external\" data-val=\"http:\/\/inspirehep.net\/record\/107082?ln=en\">[viite]<\/a>. Analyyttinen lasku &#8211; kvanttikentt\u00e4teoria I tai QCD-kurssi mielell\u00e4\u00e4n suoritettuna. Ohjaaja: Hannu Paukkunen<\/li>\n<li>Valo valoa vasten -sironta LHC kiihdyttimess\u00e4. Kysess\u00e4 on QED:n ennustama kvanttiprosessi, joka on hiljattain todennettu LHC:ss\u00e4. T\u00e4ss\u00e4 ty\u00f6ss\u00e4 lasketaan l\u00e4pi teoreettinen ennuste 1-lenkki (ns. &#8220;looppi&#8221;) QED-laatikkodiagrammista ja tutustutaan siihen, miten prosessi havaittiin. (ks. esim. <a href=\"http:\/\/inspirehep.net\/record\/1236194?ln=en\" data-linktype=\"external\" data-val=\"http:\/\/inspirehep.net\/record\/1236194?ln=en\">[viite]<\/a>). Esitietoina mielell\u00e4\u00e4n kvanttikentt\u00e4teoria I tai QCD-kurssi. Ohjaaja: Hannu Paukkunen<\/li>\n<li>Protonin fluktuoivan geometrian selvitt\u00e4minen kaksihiukkaskorrelaatioista, erikoisty\u00f6 tai gradu, ohjaaja Heikki M\u00e4ntysaari<\/li>\n<\/ul>\n","protected":false},"excerpt":{"rendered":"<p>Tutkimme kvarkkien ja gluonien vuorovaikutuksia, joita kuvaava hiukkasfysiikan standardimallin osa on kvanttiv\u00e4ridynamiikka, QCD. Ryhm\u00e4mme erityisalana on kvanttiv\u00e4ridynamiikka raskailla atomiytimill\u00e4 teht\u00e4viss\u00e4 t\u00f6rm\u00e4yskokeissa. Kvanttiv\u00e4ridynamiikan h\u00e4iri\u00f6teoriaa k\u00e4yt\u00e4mme raskaiden atomiytimien kvarkkien ja gluonien vuorovaikutusten ymm\u00e4rt\u00e4miseksi. T\u00e4rke\u00e4 tutkimuskohde on erityisesti vahvasti vuorovaikuttava alkeishiukkasaine, kvarkkigluoniplasma, jota tuotetaan\u00a0 CERN-LHCn ja BNL-RHICn t\u00f6rm\u00e4yskokeissa. Pyrimme tekem\u00e4\u00e4n ennusteita n\u00e4iss\u00e4 t\u00f6rm\u00e4yskokeissa mitattaville suureille, joiden perusteella kvarkkigluoniplasman [&hellip;]<\/p>\n","protected":false},"author":2,"featured_media":0,"parent":0,"menu_order":0,"comment_status":"closed","ping_status":"closed","template":"","meta":{"footnotes":""},"class_list":["post-142","page","type-page","status-publish","hentry","post"],"_links":{"self":[{"href":"https:\/\/research.hip.fi\/qcdtheory\/wp-json\/wp\/v2\/pages\/142","targetHints":{"allow":["GET"]}}],"collection":[{"href":"https:\/\/research.hip.fi\/qcdtheory\/wp-json\/wp\/v2\/pages"}],"about":[{"href":"https:\/\/research.hip.fi\/qcdtheory\/wp-json\/wp\/v2\/types\/page"}],"author":[{"embeddable":true,"href":"https:\/\/research.hip.fi\/qcdtheory\/wp-json\/wp\/v2\/users\/2"}],"replies":[{"embeddable":true,"href":"https:\/\/research.hip.fi\/qcdtheory\/wp-json\/wp\/v2\/comments?post=142"}],"version-history":[{"count":5,"href":"https:\/\/research.hip.fi\/qcdtheory\/wp-json\/wp\/v2\/pages\/142\/revisions"}],"predecessor-version":[{"id":210,"href":"https:\/\/research.hip.fi\/qcdtheory\/wp-json\/wp\/v2\/pages\/142\/revisions\/210"}],"wp:attachment":[{"href":"https:\/\/research.hip.fi\/qcdtheory\/wp-json\/wp\/v2\/media?parent=142"}],"curies":[{"name":"wp","href":"https:\/\/api.w.org\/{rel}","templated":true}]}}