{"id":130,"date":"2023-10-11T12:17:51","date_gmt":"2023-10-11T12:17:51","guid":{"rendered":"https:\/\/research.hip.fi\/qcdtheory\/?page_id=130"},"modified":"2025-08-19T12:30:05","modified_gmt":"2025-08-19T12:30:05","slug":"bsc-theses","status":"publish","type":"page","link":"https:\/\/research.hip.fi\/qcdtheory\/theses\/bsc-theses\/","title":{"rendered":"BSc theses"},"content":{"rendered":"<p>Markku Jokivalli<br \/>\nV\u00e4rivaraus<br \/>\nAugust 2024<br \/>\nSupervisor: T. Lappi<\/p>\n<p>Nana Kelokaski<br \/>\nProtonin varauss\u00e4de<br \/>\nNovember 2023<br \/>\nSupervisor: H. M\u00e4ntysaari<\/p>\n<p>Ville Alanko<br \/>\nBrakistokroniongelma Newtonin ja Einsteinin gravitaatiomalleissa<br \/>\nJune 2023<br \/>\nSupervisor: H. M\u00e4ntysaari<\/p>\n<p>Lauri Kekkonen<br \/>\nKillingin vektorien ja syklisten koordinaattien yhteys<br \/>\nJune 2023<br \/>\nSupervisor: H. M\u00e4ntysaari<\/p>\n<p>Julius Kerkis<br \/>\nWKB-approksimaatio ja alfahajoaminen (WKB approximation and alpha decay)<br \/>\nMay 2023<br \/>\nSupervisor: K.J. Eskola<\/p>\n<p>Urho Gr\u00f6nroos<br \/>\nMassahierarkia Higgsin hiukkasen hajoamisessa s\u00e4hk\u00f6heikon teorian alimmassa kertaluvussa<br \/>\nSeptember 2022<br \/>\nSupervisor: K. J. Eskola<\/p>\n<p>Tero Lappetel\u00e4inen<br \/>\nS\u00e4hk\u00f6\u00e4 johtavan fluidin liikeyht\u00e4l\u00f6t ideaalisen relativistisen magnetohydrodynamiikan avulla<br \/>\nJune 2022<br \/>\nSupervisor: H. Niemi<\/p>\n<p>Kosmo Kukkonen<br \/>\nLiikem\u00e4\u00e4r\u00e4jakauman ja viskositeetin v\u00e4linen yhteys relativistisessa kineettisess\u00e4 teoriassa<br \/>\nJune 2022<br \/>\nSupervisor: H. Niemi<\/p>\n<p>Mika Piipponen<br \/>\nRelativistinen Navier-Stokes-teoria<br \/>\nJune 2022<br \/>\nSupervisor: H. Niemi<\/p>\n<p>Sami Yrj\u00e4nheikki<br \/>\n<a href=\"http:\/\/users.jyu.fi\/~htpaukku\/Kandi_YHeikki_korjattu.pdf\" target=\"_blank\" rel=\"noopener\" data-linktype=\"external\" data-val=\"http:\/\/users.jyu.fi\/~htpaukku\/Kandi_YHeikki_korjattu.pdf\">Weizs\u00e4cker-Williams-fotonipilvi<\/a><br \/>\nJune 2021<br \/>\nSupervisor: H. Paukkunen<\/p>\n<p>Alex Tolvanen<br \/>\nS\u00e4ikeiden fragmentaatio hadronien syntymiselle<br \/>\nDecember 2020<br \/>\nSupervisor: I. Helenius<\/p>\n<p>Joni Laulainen<br \/>\nTodenn\u00e4k\u00f6isyysjakaumien tuottaminen Monte Carlo -menetelmill\u00e4<br \/>\nJuly 2020<br \/>\nSupervisor: I. Helenius<\/p>\n<p>Aleksi Piirainen<br \/>\nDimensionaalinen regularisaatio<br \/>\nOctober 2019<br \/>\nSupervisor: T. Lappi<\/p>\n<p>Henry Hirvonen<br \/>\nBjorkenin hydrodynaaminen malli<br \/>\nAugust 2018<br \/>\nSupervisor: H. Niemi<\/p>\n<p>Jenni Laakso<br \/>\nDilogaritmifunktion arvojen numeerinen laskeminen kompleksitasossa<br \/>\nJune 2018<br \/>\nSupervisor: H. Paukkunen<\/p>\n<p>Laura Huhta<br \/>\nRolf Hagedorn\u2019s model for the critical temperature of hadronic matter<br \/>\nJune <strong>2018<\/strong><br \/>\nSupervisor: T. Lappi<\/p>\n<p>Jani Penttala<br \/>\nCharmonium-hiukkasen energiatilojen m\u00e4\u00e4ritt\u00e4minen Cornellin potentiaalin avulla<br \/>\nJune <strong>2018<\/strong><br \/>\nSupervisor: T. Lappi<\/p>\n<p>Sami Demirci<br \/>\nEPR-paradoksi ja Bellin ep\u00e4yht\u00e4l\u00f6<br \/>\nMay\u00a0<strong>2017<\/strong><br \/>\nSupervisor K. J. Eskola<\/p>\n<p>Aleksi Hulkkonen<br \/>\nBrownin liike, diffuusio ja Einsteinin tulos diffuusiokertoimelle<br \/>\nMay\u00a0<strong>2017<br \/>\n<\/strong>Supervisor T. Lappi<\/p>\n<p>Teemu Kovanen<br \/>\nKvanttimekaniikan polkuintegraalimuotoilu<br \/>\nMay\u00a0<strong>2017<br \/>\n<\/strong>Supervisor T. Lappi<\/p>\n<p>Kirsi M\u00e4ki<br \/>\nSuurienergiaisten raskasionit\u00f6rm\u00e4ysten keskeisyysluokkien m\u00e4\u00e4ritt\u00e4minen Monte Carlo -menetelm\u00e4\u00e4n perustuvalla Glauberin mallilla<br \/>\nMay <strong>2017<br \/>\n<\/strong>Supervisor K. J. Eskola<\/p>\n<p>Mikko Kuha,<br \/>\n\u00c4\u00e4rett\u00f6m\u00e4n korkea kvanttimekaaninen potentiaalilaatikko liikkuvalla sein\u00e4ll\u00e4<br \/>\nAugust <strong>2015<\/strong><br \/>\nSupervisor K.J.\u00a0Eskola<\/p>\n<p>Elias Barba<br \/>\nAnnihilation process e+ + e- &#8211;&gt; photon + photon to leading order in QED perturbation theory<br \/>\nJuly <strong>2014<\/strong><br \/>\nSupervisor K.J. Eskola<\/p>\n<p><span class=\"HOEnZb\">Petja Paakkinen<br \/>\nS\u00e4hk\u00f6heikko Drell-Yan-dileptonituotto alimmassa kertaluvussa 7 TeV:n protoni-protoni-t\u00f6rm\u00e4yksiss\u00e4<br \/>\nJune <strong>2014<\/strong><br \/>\nSupervisor K.J. Eskola and H. Paukkunen<br \/>\n<\/span><\/p>\n<p>Laura Laulumaa<br \/>\nSkalaarielektronien parinmuodostus P\u00f6schl-Teller-potentiaalissa<br \/>\nSeptember <strong>2013<\/strong><br \/>\nSupervisor T. Lappi<\/p>\n<p>Joonas Korhonen<br \/>\nBjorkenin hydrodynamiikka ultrarelativististen raskasionit\u00f6rm\u00e4ysten mallintamisessa<br \/>\nSeptember <strong>2013<\/strong><br \/>\nSupervisor K.J. Eskola<\/p>\n<p>Ville Kivioja<br \/>\nS\u00e4hk\u00f6heikon yhten\u00e4isteorian Lagrangen tiheys<br \/>\nSeptember <strong>2013<\/strong><br \/>\nSupervisor K.J. Eskola<\/p>\n<p>Terhi Moisala<br \/>\nCharmoniumin energiatilojen numeerinen ratkaisu<br \/>\nSeptember <strong>2013<\/strong><br \/>\nSupervisor K.J. Eskola<\/p>\n<p>Jarkko Peuron<br \/>\nYang-Mills theory on the lattice<br \/>\nOctober <strong>2012<\/strong><br \/>\nSupervisor T. Lappi<\/p>\n<p>Tatu Mustonen<br \/>\nLeptoninen syv\u00e4 ep\u00e4elastinen sironta, partonimalli ja Drell-Yan-prosessi<br \/>\nMay <strong>2011<\/strong><br \/>\nSupervisor K.J. Eskola<\/p>\n<p>Tero Oravasaari<br \/>\nSyv\u00e4 ep\u00e4elastinen sironta, partonimalli ja rakennefunktiot<br \/>\nJune <strong>2011<\/strong><br \/>\nSupervisor K.J. Eskola<\/p>\n<p>Heikki M\u00e4ntysaari<br \/>\nDiffraktiivinen syv\u00e4 ep\u00e4elastinen sironta dipolimallissa<br \/>\n<strong>2010<\/strong><br \/>\nSupervisor T. Lappi<\/p>\n<p>Mikko P\u00e4\u00e4kk\u00f6nen<br \/>\nH &#8211;&gt; gg decay<br \/>\nNovember <strong>2009<\/strong><br \/>\nSupervisor K.J. Eskola<\/p>\n<p>Ilkka Helenius<br \/>\nSyv\u00e4sti ep\u00e4elastiset neutriinosironnat alimmassa kertaluvussa<br \/>\nSeptember <strong>2009<\/strong><br \/>\nSupervisor K.J. Eskola<\/p>\n<p>Markku Hyrk\u00e4s, Kvanttimekaanisen aaltopaketin potentiaalivallisironnan mallintaminen<br \/>\nSeptember <strong>2009<\/strong><br \/>\nSupervisor K.J. Eskola<\/p>\n<p>Riku Tuovinen, Diracin yht\u00e4l\u00f6n ratkaisut pallosymmetrisess\u00e4 potentiaalikuopassa<br \/>\nMay <strong>2009<\/strong><br \/>\nSupervisor K.J. Eskola<\/p>\n","protected":false},"excerpt":{"rendered":"<p>Markku Jokivalli V\u00e4rivaraus August 2024 Supervisor: T. Lappi Nana Kelokaski Protonin varauss\u00e4de November 2023 Supervisor: H. M\u00e4ntysaari Ville Alanko Brakistokroniongelma Newtonin ja Einsteinin gravitaatiomalleissa June 2023 Supervisor: H. M\u00e4ntysaari Lauri Kekkonen Killingin vektorien ja syklisten koordinaattien yhteys June 2023 Supervisor: H. M\u00e4ntysaari Julius Kerkis WKB-approksimaatio ja alfahajoaminen (WKB approximation and alpha decay) May 2023 Supervisor: [&hellip;]<\/p>\n","protected":false},"author":2,"featured_media":0,"parent":122,"menu_order":0,"comment_status":"closed","ping_status":"closed","template":"","meta":{"footnotes":""},"class_list":["post-130","page","type-page","status-publish","hentry","post"],"_links":{"self":[{"href":"https:\/\/research.hip.fi\/qcdtheory\/wp-json\/wp\/v2\/pages\/130","targetHints":{"allow":["GET"]}}],"collection":[{"href":"https:\/\/research.hip.fi\/qcdtheory\/wp-json\/wp\/v2\/pages"}],"about":[{"href":"https:\/\/research.hip.fi\/qcdtheory\/wp-json\/wp\/v2\/types\/page"}],"author":[{"embeddable":true,"href":"https:\/\/research.hip.fi\/qcdtheory\/wp-json\/wp\/v2\/users\/2"}],"replies":[{"embeddable":true,"href":"https:\/\/research.hip.fi\/qcdtheory\/wp-json\/wp\/v2\/comments?post=130"}],"version-history":[{"count":5,"href":"https:\/\/research.hip.fi\/qcdtheory\/wp-json\/wp\/v2\/pages\/130\/revisions"}],"predecessor-version":[{"id":708,"href":"https:\/\/research.hip.fi\/qcdtheory\/wp-json\/wp\/v2\/pages\/130\/revisions\/708"}],"up":[{"embeddable":true,"href":"https:\/\/research.hip.fi\/qcdtheory\/wp-json\/wp\/v2\/pages\/122"}],"wp:attachment":[{"href":"https:\/\/research.hip.fi\/qcdtheory\/wp-json\/wp\/v2\/media?parent=130"}],"curies":[{"name":"wp","href":"https:\/\/api.w.org\/{rel}","templated":true}]}}