{"id":128,"date":"2023-10-11T12:17:27","date_gmt":"2023-10-11T12:17:27","guid":{"rendered":"https:\/\/research.hip.fi\/qcdtheory\/?page_id=128"},"modified":"2024-10-04T08:19:32","modified_gmt":"2024-10-04T08:19:32","slug":"research-training-theses-erikoistyot","status":"publish","type":"page","link":"https:\/\/research.hip.fi\/qcdtheory\/theses\/research-training-theses-erikoistyot\/","title":{"rendered":"Research training theses (Erikoisty\u00f6t)"},"content":{"rendered":"<p>Anna-Mari Lev\u00e4lampi<br \/>\nD-mesonituotto eritt\u00e4in ep\u00e4keskeisiss\u00e4 ydin-ydin t\u00f6rm\u00e4yksiss\u00e4<br \/>\nSeptember <strong>2024<\/strong><br \/>\nSupervisors: I. Helenius<\/p>\n<p>Ville Alanko<br \/>\nPythia analysis of W+D production in proton-proton and proton-lead collisions<br \/>\nSeptember <strong>2023<\/strong><br \/>\nSupervisors: I. Helenius, H. Paukkunen<\/p>\n<p>Mikko Karhunen<br \/>\nBayesian analysis setup for model parameters<br \/>\nOctober <strong>2022<\/strong><br \/>\nSupervisors: H. M\u00e4ntysaari<\/p>\n<p>Joni Laulainen<br \/>\nA Monte Carlo simulation of deep inelastic electron-proton -scattering<br \/>\nOctober <strong>2021<\/strong><br \/>\nSupervisors: I. Helenius<\/p>\n<p>Alex Tolvanen<br \/>\nSimulation of p-Pb collisions as a series of nucleon-nucleon collisions<br \/>\nOctober <strong>2021<\/strong><br \/>\nSupervisors: I. Helenius, H. Paukkunen<\/p>\n<p>Sami Yrj\u00e4nheikki<br \/>\nNeutral pion azimuthal correlations in p+p and p+A collisions at \u221as = 200 GeV<br \/>\nSeptember <strong>2021<\/strong><br \/>\nSupervisors: I. Helenius, H. Paukkunen<\/p>\n<p>Jasper Alakotila<br \/>\nNeural network approach to the Balitsky-Kovchegov equation<br \/>\nSeptember <strong>2021<\/strong><br \/>\nSupervisors: H. M\u00e4ntysaari<\/p>\n<p>Aleksi Harmoinen<br \/>\nInklusiivinen ja semi-inklusiivinen syv\u00e4 ep\u00e4elastinen leptonin ja hadronin sironta alimmassa kertaluvussa<br \/>\nAugust <strong>2020<\/strong><br \/>\nSupervisors: K. J. Eskola, H. Paukkunen<\/p>\n<p>Henry Hirvonen<br \/>\nNumerical methods to solve 1+1 dimensional hydrodynamical equations<br \/>\nOctober <strong>2018<\/strong><br \/>\nSupervisor: H. Niemi<\/p>\n<p>Jani Penttala<br \/>\nWave function dependence of the J\/Psi production cross sections in diffractive deep inelastic scattering<br \/>\nAugust <strong>2018<\/strong><br \/>\nSupervisor: H. M\u00e4ntysaari<\/p>\n<p>Aleksi Hulkkonen<br \/>\nPositroniumin ep\u00e4relativistinen valokartioaaltofunktio<br \/>\nNovember\u00a0<strong>2017<\/strong><br \/>\nSupervisor: T. Lappi<\/p>\n<p>Sami Demirci<br \/>\nCalculation of higher-point Wilson line correlators in the MV model<br \/>\nAugust\u00a0<strong>2017<\/strong><br \/>\nSupervisor: T. Lappi<\/p>\n<p>Mikko Kuha<br \/>\nUltrarelativististen hadroni-hadroni-t\u00f6rm\u00e4ysten kaksijettituoton aliprosessien vaikutusalojen laskeminen FeynCalcilla<br \/>\nOctober\u00a0<strong>2016<\/strong><br \/>\nSupervisor: K.J.\u00a0Eskola<\/p>\n<p>Terhi Moisala<br \/>\nLeptonituotto protoni-protoni-t\u00f6rm\u00e4yksess\u00e4 heikon vuorovaikutuksen kautta<br \/>\nJuly\u00a0<strong>2014<\/strong><br \/>\nSupervisors: K.J. Eskola and Hannu Paukkunen<\/p>\n<p>Tapani Stylman<br \/>\nWilson line correlation functions for a Gaussian color charge distribution<br \/>\nSeptember\u00a0<strong>2014<br \/>\n<\/strong>Supervisor T. Lappi<\/p>\n<p>Aili Asikainen<br \/>\nVector meson wave function in the light-cone and leptonic decay width<br \/>\nAugust\u00a0<strong>2014<br \/>\n<\/strong>Supervisor T. Lappi<\/p>\n<p>Jarkko Peuron<br \/>\nClassical SU(2) lattice Yang-Mills simulation<br \/>\nSeptember\u00a0<strong>2013<\/strong><br \/>\nSupervisor T. Lappi<\/p>\n<p>Tatu Mustonen<br \/>\nSuora fotonituotto kovien sirontojen kautta kertaluvussa O(\u03b1\u03b1s)<br \/>\nJanuary\u00a0<strong>2012<\/strong><br \/>\nSupervisor K.J. Eskola<\/p>\n<p>Heikki M\u00e4ntysaari<br \/>\nNuclear Suppression in Diffractive Vector Meson Production<br \/>\n<strong>2011<\/strong><br \/>\nSupervisor T. Lappi<\/p>\n<p>Tommi Alanne, A study of nuclear effects in direct photon production cross sections for heavy ion collisions<br \/>\nMarch\u00a0<strong>2011<\/strong><br \/>\nSupervisor K.J. Eskola<\/p>\n<p>Ilkka Helenius, On the possibility to observe the H\u00b1 -&gt; mu\u00b1 nu decay of the heavy charged MSSM Higgs bosons in CMS at the SLHC<br \/>\nJune\u00a0<strong>2009<\/strong><br \/>\nSupervisors R. Kinnunen (HIP) and K.J. Eskola<\/p>\n<p>Tuomas Hapola, SU(5) GUT: Paradigm for the unity of all elementary forces<br \/>\nApril\u00a0<strong>2009<\/strong><br \/>\nSupervisor K. Tuominen<\/p>\n<p>Risto Paatelainen, QCD:n kvarkkisironnat ja niiden massaefektit kertaluvussa alpha_s^2<br \/>\nJune\u00a0<strong>2008<\/strong><br \/>\nSupervisor K. J. Eskola<\/p>\n<p>Hannu Holopainen, Viskoottinen hydrodynamiikka suurienergiaisten raskasionit\u00f6rm\u00e4ysten hydrodynamiikassa<br \/>\nFebruary\u00a0<strong>2008<\/strong><br \/>\nSupervisors K.J. Eskola and K. Tuominen<\/p>\n","protected":false},"excerpt":{"rendered":"<p>Anna-Mari Lev\u00e4lampi D-mesonituotto eritt\u00e4in ep\u00e4keskeisiss\u00e4 ydin-ydin t\u00f6rm\u00e4yksiss\u00e4 September 2024 Supervisors: I. Helenius Ville Alanko Pythia analysis of W+D production in proton-proton and proton-lead collisions September 2023 Supervisors: I. Helenius, H. Paukkunen Mikko Karhunen Bayesian analysis setup for model parameters October 2022 Supervisors: H. M\u00e4ntysaari Joni Laulainen A Monte Carlo simulation of deep inelastic electron-proton -scattering [&hellip;]<\/p>\n","protected":false},"author":2,"featured_media":0,"parent":122,"menu_order":0,"comment_status":"closed","ping_status":"closed","template":"","meta":{"footnotes":""},"class_list":["post-128","page","type-page","status-publish","hentry","post"],"_links":{"self":[{"href":"https:\/\/research.hip.fi\/qcdtheory\/wp-json\/wp\/v2\/pages\/128","targetHints":{"allow":["GET"]}}],"collection":[{"href":"https:\/\/research.hip.fi\/qcdtheory\/wp-json\/wp\/v2\/pages"}],"about":[{"href":"https:\/\/research.hip.fi\/qcdtheory\/wp-json\/wp\/v2\/types\/page"}],"author":[{"embeddable":true,"href":"https:\/\/research.hip.fi\/qcdtheory\/wp-json\/wp\/v2\/users\/2"}],"replies":[{"embeddable":true,"href":"https:\/\/research.hip.fi\/qcdtheory\/wp-json\/wp\/v2\/comments?post=128"}],"version-history":[{"count":3,"href":"https:\/\/research.hip.fi\/qcdtheory\/wp-json\/wp\/v2\/pages\/128\/revisions"}],"predecessor-version":[{"id":460,"href":"https:\/\/research.hip.fi\/qcdtheory\/wp-json\/wp\/v2\/pages\/128\/revisions\/460"}],"up":[{"embeddable":true,"href":"https:\/\/research.hip.fi\/qcdtheory\/wp-json\/wp\/v2\/pages\/122"}],"wp:attachment":[{"href":"https:\/\/research.hip.fi\/qcdtheory\/wp-json\/wp\/v2\/media?parent=128"}],"curies":[{"name":"wp","href":"https:\/\/api.w.org\/{rel}","templated":true}]}}