{"id":124,"date":"2023-10-11T12:16:40","date_gmt":"2023-10-11T12:16:40","guid":{"rendered":"https:\/\/research.hip.fi\/qcdtheory\/?page_id=124"},"modified":"2025-06-03T10:12:24","modified_gmt":"2025-06-03T10:12:24","slug":"phd-theses","status":"publish","type":"page","link":"https:\/\/research.hip.fi\/qcdtheory\/theses\/phd-theses\/","title":{"rendered":"PhD theses"},"content":{"rendered":"<p>Mirja Tevio<br \/>\n<a href=\"https:\/\/jyx.jyu.fi\/jyx\/Record\/jyx_123456789_101955?sid=159265340\">Partonic structure in a physical basis<\/a><br \/>\nJYU Dissertations 834, 2024, ISBN:978-952-86-0692-5, ISSN 2489-9003<br \/>\nJyv\u00e4skyl\u00e4 June <strong>2025<\/strong><br \/>\nsupervisors: T. Lappi, H. M\u00e4ntysaari, H. Paukkunen<\/p>\n<p>Mikko Kuha<br \/>\n<a href=\"http:\/\/urn.fi\/URN:ISBN:978-952-86-0330-6\">Simulation of quark-gluon plasma initial states with Monte-Carlo EKRT model<\/a><br \/>\nJYU Dissertations 834, 2024, ISBN:978-952-86-0330-6, ISSN 2489-9003<br \/>\nJyv\u00e4skyl\u00e4 October <strong>2024<\/strong><br \/>\nsupervisors: K. J. Eskola, H. Niemi, H. Paukkunen<\/p>\n<p>Henry Hirvonen<br \/>\n<a href=\"http:\/\/urn.fi\/URN:ISBN:978-952-86-0272-9\">Probing Properties of Quark-Gluon Plasma Using Machine Learning<\/a><br \/>\nJYU Dissertations 818, 2024, ISBN:978-952-86-0272-9, ISSN 2489-9003<br \/>\nJyv\u00e4skyl\u00e4 August\u00a0<strong>2024<br \/>\n<\/strong><span style=\"font-size: revert\">supervisors: <\/span>H. Niemi, K. J. Eskola<\/p>\n<p>Jani Penttala<br \/>\n<a href=\"http:\/\/urn.fi\/URN:ISBN:978-951-39-9674-1\" data-linktype=\"external\" data-val=\"http:\/\/urn.fi\/URN:ISBN:978-951-39-9674-1\">Diffractive Processes at Next-to-Leading Order in the Dipole Picture<\/a><br \/>\nJYU Dissertations 668, 2023, ISBN:978-951-39-9674-1, ISSN <span dir=\"ltr\" role=\"presentation\">2489-9003<\/span><br \/>\nJyv\u00e4skyl\u00e4 August<strong> 2023<\/strong><br \/>\nsupervisors: H. M\u00e4ntysaari, T. Lappi<\/p>\n<p>Sami Demirci<br \/>\n<a href=\"http:\/\/urn.fi\/URN:ISBN:978-951-39-9630-7\" data-linktype=\"external\" data-val=\"http:\/\/urn.fi\/URN:ISBN:978-951-39-9630-7\">Proton hot spots in high energy QCD<\/a><br \/>\nJYU Dissertations 654, 2023, ISBN:978-951-39-9630-7, ISSN <span dir=\"ltr\" role=\"presentation\">2489-9003<\/span><br \/>\nJyv\u00e4skyl\u00e4 June<strong> 2023<\/strong><br \/>\nsupervisor: T. Lappi<\/p>\n<p>Topi L\u00f6yt\u00e4inen<br \/>\n<a href=\"http:\/\/urn.fi\/URN:ISBN:978-951-39-9577-5\" data-linktype=\"external\" data-val=\"http:\/\/urn.fi\/URN:ISBN:978-951-39-9577-5\">Exclusive Photoproduction of Heavy Vector Mesons in Ultraperipheral Nuclear Collisions<\/a><br \/>\nJYU Dissertations 646, 2023, ISBN:978-951-39-9577-5, ISSN <span dir=\"ltr\" role=\"presentation\">2489-9003<\/span><br \/>\nJyv\u00e4skyl\u00e4 June <strong>2023<\/strong><br \/>\nsupervisors: H. Paukkunen, K. J. Eskola<\/p>\n<p>Henri H\u00e4nninen<br \/>\n<a href=\"http:\/\/urn.fi\/URN:ISBN:978-951-39-8893-7\" data-linktype=\"external\" data-val=\"http:\/\/urn.fi\/URN:ISBN:978-951-39-8893-7\">Deep inelastic scattering in the dipole picture at next-to-leading order<\/a><br \/>\nJYU Dissertations 444, 2021, ISBN:<span dir=\"ltr\" role=\"presentation\">978-951-39-8893-7<\/span>, ISSN <span dir=\"ltr\" role=\"presentation\">2489-9003<\/span><br \/>\nJyv\u00e4skyl\u00e4 October <strong>2021<\/strong><br \/>\nsupervisors: T. Lappi, H. M\u00e4ntysaari<\/p>\n<p>Andrecia Ramnath<br \/>\n<a title=\"New constraints for nuclear parton distribution functions from hadron\u2013nucleus collision processes\" href=\"http:\/\/urn.fi\/URN:ISBN:978-951-39-8750-3\" data-linktype=\"external\" data-val=\"http:\/\/urn.fi\/URN:ISBN:978-951-39-8750-3\">Nonlinear Evolution in the Colour Glass Condensate<\/a><br \/>\nJYU Dissertations 405, 2021, ISBN:978-951-39-8750-3, ISSN <span dir=\"ltr\">2489-9003<\/span><br \/>\nJyv\u00e4skyl\u00e4 June <strong>2021<\/strong><br \/>\nsupervisor: T. Lappi<\/p>\n<p>Petja Paakkinen<br \/>\n<a title=\"New constraints for nuclear parton distribution functions from hadron\u2013nucleus collision processes\" href=\"http:\/\/urn.fi\/URN:ISBN:978-951-39-7828-0\" data-linktype=\"external\" data-val=\"http:\/\/urn.fi\/URN:ISBN:978-951-39-7828-0\">New constraints for nuclear parton distribution functions from hadron\u2013nucleus collision processes<\/a><br \/>\nJYU Dissertations 115, 2019, ISBN:978-951-39-7828-0, ISSN 2489-9003<br \/>\nJyv\u00e4skyl\u00e4 September <strong>2019<\/strong><br \/>\nsupervisors: H. Paukkunen and K.J. Eskola<\/p>\n<p>Jarkko Peuron<br \/>\n<a href=\"https:\/\/jyx.jyu.fi\/bitstream\/handle\/123456789\/59065\/978-951-39-7499-2.pdf?sequence=1&amp;isAllowed=y\" data-linktype=\"external\" data-val=\"https:\/\/jyx.jyu.fi\/bitstream\/handle\/123456789\/59065\/978-951-39-7499-2.pdf?sequence=1&amp;isAllowed=y\">Quasiparticle properties of nonequilibrium gluon plasma<\/a><br \/>\nResearch Report No.7\/2018, ISBN 78-951-39-7499-2, ISSN 0075-465X<br \/>\nJyv\u00e4skyl\u00e4 August <strong>2018<\/strong><br \/>\nsupervisor: T. Lappi<\/p>\n<p>Heikki M\u00e4ntysaari<br \/>\n<a class=\"external-link\" href=\"http:\/\/urn.fi\/URN:ISBN:978-951-39-6175-6\">Scattering off the Color Glass Condensate<\/a><br \/>\nDepartment of Physics, University of Jyv\u00e4skyl\u00e4,<br \/>\nResearch Report No.6\/2015, ISBN 978-951-39-6175-6, ISSN 0075-465X<br \/>\nJyv\u00e4skyl\u00e4 June <strong>2015<\/strong><br \/>\nsupervisor T. Lappi<\/p>\n<p>Risto Paatelainen<br \/>\n<a class=\"external-link\" href=\"https:\/\/jyx.jyu.fi\/dspace\/bitstream\/handle\/123456789\/44070\/978-951-39-5765-0.pdf?sequence=1\">Minijet Initial State of Heavy-Ion Collisions from Next-to-Leading Order Perturbative QCD<\/a><br \/>\nDepartment of Physics, University of Jyv\u00e4skyl\u00e4,<br \/>\nResearch Report No. 8\/2014, ISBN 978-951-39-5764-3, ISSN 0075-465X,<br \/>\nJyv\u00e4skyl\u00e4 August <strong>2014<br \/>\n<\/strong>supervisor: K. J. Eskola<\/p>\n<p>Ilkka Helenius<br \/>\n<a class=\"external-link\" href=\"https:\/\/jyx.jyu.fi\/dspace\/bitstream\/handle\/123456789\/44071\/978-951-39-5763-6.pdf?sequence=1\">Spatially Dependent Parton Distribution Functions and Hard Processes in Nuclear Collisions<\/a><br \/>\nDepartment of Physics, University of Jyv\u00e4skyl\u00e4,<br \/>\nResearch Report No. 6\/2014, ISBN 978-951-39-5762-9, ISSN 0075-465X,<br \/>\nJyv\u00e4skyl\u00e4, August <strong>2014<br \/>\n<\/strong>supervisor: K. J. Eskola<\/p>\n<p>Jussi Auvinen<br \/>\n<a class=\"external-link\" href=\"https:\/\/jyx.jyu.fi\/dspace\/bitstream\/handle\/123456789\/40098\/978-951-39-4791-0.pdf?sequence=1\">A Monte Carlo simulation for the elastic energy loss of high-energy partons in a strongly interacting medium<\/a><br \/>\nDepartment of Physics, University of Jyv\u00e4skyl\u00e4,<br \/>\nResearch report No. 9\/2012, ISBN: 978-951-39-4790-3, ISSN: 0075-465X,<br \/>\nJyv\u00e4skyl\u00e4, August <strong>2012<\/strong><br \/>\nsupervisors: K. J. Eskola and T. Renk<\/p>\n<p>Hannu Holopainen<br \/>\n<a class=\"external-link\" href=\"https:\/\/jyx.jyu.fi\/dspace\/bitstream\/handle\/123456789\/36842\/hannu-holopainen-2011.pdf?sequence=1\">Event-by-event hydrodynamics and thermal photon production in ultrarelativistic heavy ion collisions<\/a><br \/>\nDepartment of Physics, University of Jyv\u00e4skyl\u00e4,<br \/>\nResearch report No. 4\/2011, ISBN 978-951-39-4371-4, ISSN 0075-465X,<br \/>\nJyv\u00e4skyl\u00e4, September <strong>2011<\/strong><br \/>\nsupervisor: K. J. Eskola<\/p>\n<p>Topi K\u00e4h\u00e4r\u00e4<br \/>\n<a class=\"external-link\" href=\"https:\/\/jyx.jyu.fi\/dspace\/bitstream\/handle\/123456789\/25754\/topi-kahara.pdf?sequence=1\">Thermodynamics of two-flavor QCD from chiral models with Polyakov loop<\/a><br \/>\nDepartment of Physics, University of Jyv\u00e4skyl\u00e4,<br \/>\nResearch report No. 12\/2010, ISBN 978-951-39-4090-4, ISSN 0075-465X,<br \/>\nJyv\u00e4skyl\u00e4, December <strong>2010<\/strong><br \/>\nsupervisor: K. Tuominen<\/p>\n<p>Matti Heikinheimo<br \/>\n<a class=\"external-link\" href=\"https:\/\/jyx.jyu.fi\/dspace\/bitstream\/handle\/123456789\/25508\/matti-heikinheimo-2010.pdf?sequence=1\">Technicolor and new matter generations<\/a>.<br \/>\nDepartment of Physics, University of Jyv\u00e4skyl\u00e4,<br \/>\nResearch report No. 10\/2010, ISBN 978-951-39-4052-2, ISSN 0075-465X,<br \/>\nJyv\u00e4skyl\u00e4, November <strong>2010<\/strong><br \/>\nsupervisor: K. Tuominen<\/p>\n<p>Hannu Paukkunen<br \/>\n<a class=\"external-link\" href=\"https:\/\/jyx.jyu.fi\/dspace\/bitstream\/handle\/123456789\/20463\/hannu-paukkunen_2009.pdf?sequence=1\">Global analysis of nuclear parton distribution functions at leading and next-to-leading order perturbative QCD<\/a><br \/>\nDepartment of Physics, University of Jyv\u00e4skyl\u00e4,<br \/>\nResearch report No. 4\/2009, ISBN 978-951-39-3575-7, ISSN 0075-465X,<br \/>\nJyv\u00e4skyl\u00e4, July <strong>2009<\/strong><br \/>\nsupervisor: K.J. Eskola<\/p>\n<p>Harri Niemi<br \/>\n<a class=\"external-link\" href=\"https:\/\/jyx.jyu.fi\/dspace\/bitstream\/handle\/123456789\/18741\/harri-niemi-2008.pdf?sequence=1\">Hydrodynamical flow and hadron spectra in ultrarelativistic heacy ion collisions at RHIC and the LHC<\/a>.<br \/>\nDepartment of Physics, University of Jyv\u00e4skyl\u00e4,<br \/>\nResearch report No. 7\/2008, ISBN 978-951-39-3287-9, ISSN 0075-465X,<br \/>\nJyv\u00e4skyl\u00e4, July <strong>2008<\/strong><br \/>\nsupervisors: P.V. Ruuskanen and K.J. Eskola<\/p>\n<p>Sami R\u00e4s\u00e4nen,<br \/>\n<a class=\"external-link\" href=\"https:\/\/jyx.jyu.fi\/dspace\/bitstream\/handle\/123456789\/13921\/978-951-39-3164-3.pdf?sequence=1\">Hydrodynamical analysis of hadron spectra and thermal photon emission in ultrarelativistic heavy ion collisions<\/a><br \/>\nDepartment of Physics, University of Jyv\u00e4skyl\u00e4,<br \/>\nResearch report No. 7\/2005, ISBN 951-39-2338-X, ISSN 0075-465X,<br \/>\nJyv\u00e4skyl\u00e4, December <strong>2005<\/strong><br \/>\nsupervisors: P.V. Ruuskanen and K.J. Eskola<\/p>\n<p>Heli Honkanen,<br \/>\n<a class=\"external-link\" href=\"https:\/\/jyx.jyu.fi\/dspace\/bitstream\/handle\/123456789\/13885\/978-951-39-3158-2.pdf?sequence=1\">Perturbative QCD study of initial and final state effects in hadronic and nuclear collisions<\/a><br \/>\nDepartment of Physics, University of Jyv\u00e4skyl\u00e4,<br \/>\nResearch report No. 1\/2005, ISBN 951-39-2060-7, ISSN 0075-465X,<br \/>\nJyv\u00e4skyl\u00e4, January <strong>2005<\/strong><br \/>\nsupervisor: K.J. Eskola<\/p>\n<p>Vesa Kolhinen<br \/>\nNuclear Parton Distributions: A Perturbative QCD Analysis<br \/>\nDepartment of Physics, University of Jyv\u00e4skyl\u00e4,<br \/>\nResearch report No. 9\/2001, ISSN:0075-465X, ISBN:951-39-1039-3,<br \/>\nJyv\u00e4skyl\u00e4, September <strong>2001<\/strong><br \/>\nsupervisor: K.J. Eskola and P.V. Ruuskanen<\/p>\n<p>Kimmo Tuominen<br \/>\nPerturbative QCD and Production of high Density Matter in Ultrarelativistic Nuclear Collisions<br \/>\nDepartment of Physics, University of Jyv\u00e4skyl\u00e4,<br \/>\nResearch report No. 1\/2001, ISSN:0075-465X, ISBN:951-39-0894-1,<br \/>\nJyv\u00e4skyl\u00e4, February <strong>2001<\/strong><br \/>\nsupervisor: K.J. Eskola<\/p>\n<p>Pasi Huovinen<br \/>\nConstraints from Hadron Spectra on Thermal Electromagnetic Emission in Heavy-Ion Collisions at the CERN SPS.<br \/>\nDepartment of Physics, University of Jyv\u00e4skyl\u00e4,<br \/>\nResearch report No. 1\/1999, ISSN:0075-465X, ISBN:951-39-0468-7.<br \/>\nJyv\u00e4skyl\u00e4, May <strong>1999<\/strong><br \/>\nsupervisor: P.V. Ruuskanen<\/p>\n","protected":false},"excerpt":{"rendered":"<p>Mirja Tevio Partonic structure in a physical basis JYU Dissertations 834, 2024, ISBN:978-952-86-0692-5, ISSN 2489-9003 Jyv\u00e4skyl\u00e4 June 2025 supervisors: T. Lappi, H. M\u00e4ntysaari, H. Paukkunen Mikko Kuha Simulation of quark-gluon plasma initial states with Monte-Carlo EKRT model JYU Dissertations 834, 2024, ISBN:978-952-86-0330-6, ISSN 2489-9003 Jyv\u00e4skyl\u00e4 October 2024 supervisors: K. J. Eskola, H. Niemi, H. Paukkunen [&hellip;]<\/p>\n","protected":false},"author":2,"featured_media":0,"parent":122,"menu_order":0,"comment_status":"closed","ping_status":"closed","template":"","meta":{"footnotes":""},"class_list":["post-124","page","type-page","status-publish","hentry","post"],"_links":{"self":[{"href":"https:\/\/research.hip.fi\/qcdtheory\/wp-json\/wp\/v2\/pages\/124","targetHints":{"allow":["GET"]}}],"collection":[{"href":"https:\/\/research.hip.fi\/qcdtheory\/wp-json\/wp\/v2\/pages"}],"about":[{"href":"https:\/\/research.hip.fi\/qcdtheory\/wp-json\/wp\/v2\/types\/page"}],"author":[{"embeddable":true,"href":"https:\/\/research.hip.fi\/qcdtheory\/wp-json\/wp\/v2\/users\/2"}],"replies":[{"embeddable":true,"href":"https:\/\/research.hip.fi\/qcdtheory\/wp-json\/wp\/v2\/comments?post=124"}],"version-history":[{"count":4,"href":"https:\/\/research.hip.fi\/qcdtheory\/wp-json\/wp\/v2\/pages\/124\/revisions"}],"predecessor-version":[{"id":560,"href":"https:\/\/research.hip.fi\/qcdtheory\/wp-json\/wp\/v2\/pages\/124\/revisions\/560"}],"up":[{"embeddable":true,"href":"https:\/\/research.hip.fi\/qcdtheory\/wp-json\/wp\/v2\/pages\/122"}],"wp:attachment":[{"href":"https:\/\/research.hip.fi\/qcdtheory\/wp-json\/wp\/v2\/media?parent=124"}],"curies":[{"name":"wp","href":"https:\/\/api.w.org\/{rel}","templated":true}]}}