{"id":118,"date":"2023-10-11T12:12:53","date_gmt":"2023-10-11T12:12:53","guid":{"rendered":"https:\/\/research.hip.fi\/qcdtheory\/?page_id=118"},"modified":"2026-03-24T07:31:56","modified_gmt":"2026-03-24T07:31:56","slug":"former-group-members","status":"publish","type":"page","link":"https:\/\/research.hip.fi\/qcdtheory\/personnel\/former-group-members\/","title":{"rendered":"Former group members"},"content":{"rendered":"\n<p>The following people have recently moved from our group<\/p>\n\n\n\n<figure class=\"wp-block-table\"><table class=\"has-fixed-layout\"><tbody><tr><td>Xiaojian Du<\/td><td>Postdoctoral researcher<\/td><td>Shanghai Institute for Advanced Studies\u00a0(SIAS) 2025-<\/td><\/tr><tr><td>Mirja Tevio<\/td><td>PhD, postdoctoral researcher<\/td><td>Warsaw 10.2025-<\/td><\/tr><tr><td>Ismail Soudi<\/td><td>Postdoctoral Researcher<\/td><td>Bielefeld 10.2025-<\/td><\/tr><tr><td>Petja Paakkinen<\/td><td>CERN Fellow<\/td><td>CERN-TH 10.2025-<\/td><\/tr><tr><td>Anh-Dung Le<\/td><td>Postdoctoral Researcher<\/td><td>Private sector 10.2025-<\/td><\/tr><tr><td>Jussi Auvinen<\/td><td>University Researcher<\/td><td>Wroc\u0142aw 10.2025-<\/td><\/tr><tr><td>Henry Hirvonen<\/td><td>PhD<\/td><td>Vanderbilt Univ, 9.2024-<\/td><\/tr><tr><td>Mikko Kuha<\/td><td>PhD<\/td><td>Private sector 10.2024-<\/td><\/tr><tr><td>Yuuka Kanakubo<\/td><td>Postdoctoral Researcher<\/td><td>RIKEN-Berkeley Fellow 10.2024-<\/td><\/tr><tr><td>Pit Duwent\u00e4ster<\/td><td>Postdoctoral Researcher<\/td><td>Private sector 10.2024-<\/td><\/tr><tr><td>Pragya Singh<\/td><td>Postdoctoral Researcher<\/td><td>Private sector 10.2024-<\/td><\/tr><tr><td>Josh Tawabutr<\/td><td>Postdoctoral researcher<\/td><td>Chulalongkorn 10.2024-<\/td><\/tr><tr><td>Jarkko Peuron<\/td><td>Postdoctoral researcher<\/td><td>Private sector 1.2024-<\/td><\/tr><tr><td>Marius Utheim<\/td><td>Postdoctoral researcher<\/td><td>Private sector 12.2023-<\/td><\/tr><tr><td>Jani Penttala<\/td><td>PhD<\/td><td>University of California, Los Angeles 9.2023-<\/td><\/tr><tr><td>Topi L\u00f6yt\u00e4inen<\/td><td>PhD<\/td><td>Private sector, 6.2023-<\/td><\/tr><tr><td>Sami Demirci<\/td><td>PhD<\/td><td>Private sector, 6.2023-<\/td><\/tr><tr><td>Manuel Epele<\/td><td>Postdoctoral researcher<\/td><td>Buenos Aires, 2023-<\/td><\/tr><tr><td>Henri H\u00e4nninen<\/td><td>PhD, postdoctoral researcher<\/td><td>University of Jyv\u00e4skyl\u00e4, Department of Mathematics and Statistics 2023-<\/td><\/tr><tr><td>Christopher Flett<\/td><td>Postdoctoral researcher<\/td><td>IJCLab Orsay, France 2022-<\/td><\/tr><tr><td>Florian Cougoulic<\/td><td>Postdoctoral researcher<\/td><td>Universidade de Santiago de Compostela, Spain, 2022-<\/td><\/tr><tr><td>Yair Mulian<\/td><td>Postdoctoral researcher<\/td><td>Universidade de Santiago de Compostela, Spain, 2021-<\/td><\/tr><tr><td>Pablo Rodr\u00edguez<\/td><td>Postdoctoral researcher<\/td><td>LIP Lissabon, Portugal, 2021-<\/td><\/tr><tr><td>Meijian Li<\/td><td>Postdoctoral researcher<\/td><td>Universidade de Santiago de Compostela, Spain, 2021-<\/td><\/tr><tr><td>Andrecia Ramnath<\/td><td>PhD, postdoctoral researcher<\/td><td>Lund University, Sweden, 2021-<\/td><\/tr><tr><td>Gabriele Inghirami<\/td><td>Postdoctoral researcher<\/td><td>GSI, Darmstadt, 1.10.2020-<\/td><\/tr><tr><td>Guillaume Beuf<\/td><td>Postdoctoral researcher<\/td><td>National Centre for Nuclear Research, Warsaw, Poland, 1.2020-<\/td><\/tr><tr><td>Petja Paakkinen<\/td><td>PhD<\/td><td>Universidade de Santiago de Compostela, Spain, 10.2019-<\/td><\/tr><tr><td>Mark Mace<\/td><td>Postdoctoral researcher<\/td><td>Private sector, 9.2019-<\/td><\/tr><tr><td>Vadim Guzey<\/td><td>University researcher<\/td><td>Returned back to National Research Center \u201cKurchatov Institute\u201d, Petersburg Nuclear Physics Institute (PNPI), Gatchina, Russia, 6.2019-<\/td><\/tr><tr><td>Kirill Boguslavski<\/td><td>Postdoctoral researcher<\/td><td>TU Wien, Austria, 3.2019-<\/td><\/tr><tr><td>Miguel Escobedo<\/td><td>Postdoctoral researcher<\/td><td>Universidade de Santiago de Compostela, Spain, 10.2018-<\/td><\/tr><tr><td>Jarkko Peuron<\/td><td>PhD<\/td><td>The European Centre for Theoretical Studies in Nuclear Physics and Related Areas (ECT*), 10.2018-<\/td><\/tr><tr><td>Risto Paatelainen<\/td><td>Postdoctoral researcher<\/td><td>University of Helsinki, 10.2017-<\/td><\/tr><tr><td>Bertrand Duclou\u00e9<\/td><td>Postdoctoral researcher<\/td><td>IPhT Saclay, France, 9.2017-<\/td><\/tr><tr><td>Yan Zhu<\/td><td>Postdoctoral researcher<\/td><td>Technical University of Munich, Germany, 10.2017-<\/td><\/tr><tr><td>Heikki M\u00e4ntysaari<\/td><td>PhD<\/td><td>Brookhaven National Laboratory (BNL), NY, USA, 12.10.2015<\/td><\/tr><tr><td>Harri Niemi<\/td><td>PhD, postdoctoral researcher<\/td><td>J.W. Goethe University, Frankfurt am Main, Germany, 1.1.2015-<\/td><\/tr><tr><td>Thorsten Renk<\/td><td>Academy research fellow<\/td><td>Private sector, 1.10.2014&#8211;<\/td><\/tr><tr><td>Redamy Perez-Ramos<\/td><td>Postdoctoral researcher<\/td><td>Paris VI, 1.11.2014-<\/td><\/tr><tr><td>Risto Paatelainen<\/td><td>PhD<\/td><td>Universidade de Santiago de Compostela, Spain 1.10.2014-<\/td><\/tr><tr><td>Ilkka Helenius<\/td><td>PhD<\/td><td>Lund University, Sweden 1.9.2014-<\/td><\/tr><tr><td>Kimmo Tuominen<\/td><td>University Lecturer, 1.9.2013-<br>Professor of theoretical particle physics, 1.9.2021-<\/td><td>University of Helsinki<\/td><\/tr><tr><td>Rupa Chatterjee<\/td><td>PhD, KS Krishnan Research Associateship (KSKRA)<\/td><td>Bhabha Atomic Research Centre (BARC), Mumbai; placed at VECC, Calcutta, India 2013-<\/td><\/tr><tr><td>Jussi Auvinen<\/td><td>PhD<\/td><td>Duke University, USA 2014-2016<\/td><\/tr><tr><td>Heli Honkanen<\/td><td>PhD<\/td><td>Penn State University, USA 2012-2013<\/td><\/tr><tr><td>Topi K\u00e4h\u00e4r\u00e4<\/td><td>PhD, postdoctoral researcher<\/td><td>Materials Science group, Jyv\u00e4skyl\u00e4 2012-<\/td><\/tr><tr><td>Hannu Holopainen<\/td><td>PhD<\/td><td>Quintiq oy, Vantaa 2014-<\/td><\/tr><tr><td>Vesa Ruuskanen<\/td><td>Retired 31.12.2006, Deceased 28.12.2011<\/td><td>&nbsp;<\/td><\/tr><tr><td>Matti Heikinheimo<\/td><td>PhD<\/td><td>York University, Toronto, Canada<\/td><\/tr><tr><td>Tuomas Hapola<\/td><td>MSc 12\/09, graduate student in CP3<\/td><td>Southern Denmark University, Odense<\/td><\/tr><tr><td>Hannu Paukkunen<\/td><td>PhD<\/td><td>Universidade de Santiago de Compostela<\/td><\/tr><tr><td>Vesa Kolhinen<\/td><td>PhD<\/td><td>CSC 2007-<\/td><\/tr><tr><td>Sami R\u00e4s\u00e4nen<\/td><td>PhD<\/td><td>Univ. of Jyv\u00e4skyl\u00e4 2008-<\/td><\/tr><tr><td>Heli Honkanen<\/td><td>PhD<\/td><td>Univ. of Iowa<\/td><\/tr><tr><td>Pasi Huovinen<\/td><td>PhD<\/td><td>Purdue Univ., West Lafayette<\/td><\/tr><\/tbody><\/table><\/figure>\n","protected":false},"excerpt":{"rendered":"<p>The following people have recently moved from our group Xiaojian Du Postdoctoral researcher Shanghai Institute for Advanced Studies\u00a0(SIAS) 2025- Mirja Tevio PhD, postdoctoral researcher Warsaw 10.2025- Ismail Soudi Postdoctoral Researcher Bielefeld 10.2025- Petja Paakkinen CERN Fellow CERN-TH 10.2025- Anh-Dung Le Postdoctoral Researcher Private sector 10.2025- Jussi Auvinen University Researcher Wroc\u0142aw 10.2025- Henry Hirvonen PhD Vanderbilt [&hellip;]<\/p>\n","protected":false},"author":2,"featured_media":0,"parent":111,"menu_order":0,"comment_status":"closed","ping_status":"closed","template":"","meta":{"footnotes":""},"class_list":["post-118","page","type-page","status-publish","hentry","post"],"_links":{"self":[{"href":"https:\/\/research.hip.fi\/qcdtheory\/wp-json\/wp\/v2\/pages\/118","targetHints":{"allow":["GET"]}}],"collection":[{"href":"https:\/\/research.hip.fi\/qcdtheory\/wp-json\/wp\/v2\/pages"}],"about":[{"href":"https:\/\/research.hip.fi\/qcdtheory\/wp-json\/wp\/v2\/types\/page"}],"author":[{"embeddable":true,"href":"https:\/\/research.hip.fi\/qcdtheory\/wp-json\/wp\/v2\/users\/2"}],"replies":[{"embeddable":true,"href":"https:\/\/research.hip.fi\/qcdtheory\/wp-json\/wp\/v2\/comments?post=118"}],"version-history":[{"count":13,"href":"https:\/\/research.hip.fi\/qcdtheory\/wp-json\/wp\/v2\/pages\/118\/revisions"}],"predecessor-version":[{"id":817,"href":"https:\/\/research.hip.fi\/qcdtheory\/wp-json\/wp\/v2\/pages\/118\/revisions\/817"}],"up":[{"embeddable":true,"href":"https:\/\/research.hip.fi\/qcdtheory\/wp-json\/wp\/v2\/pages\/111"}],"wp:attachment":[{"href":"https:\/\/research.hip.fi\/qcdtheory\/wp-json\/wp\/v2\/media?parent=118"}],"curies":[{"name":"wp","href":"https:\/\/api.w.org\/{rel}","templated":true}]}}