{"id":111,"date":"2023-10-11T12:06:32","date_gmt":"2023-10-11T12:06:32","guid":{"rendered":"https:\/\/research.hip.fi\/qcdtheory\/?page_id=111"},"modified":"2026-03-25T07:03:19","modified_gmt":"2026-03-25T07:03:19","slug":"personnel","status":"publish","type":"page","link":"https:\/\/research.hip.fi\/qcdtheory\/personnel\/","title":{"rendered":"Personnel"},"content":{"rendered":"\n<p>This page shows the group members and their funding source.<\/p>\n\n\n\n<h3 class=\"wp-block-heading\">Senior Researchers:<\/h3>\n\n\n\n<figure class=\"wp-block-table\"><table class=\"has-fixed-layout\"><tbody><tr><td>Kari J. Eskola<\/td><td>Professor<\/td><\/tr><tr><td><a href=\"http:\/\/users.jyu.fi\/~tulappi\/\">Tuomas Lappi<\/a><\/td><td>Professor<\/td><\/tr><tr><td><a href=\"http:\/\/users.jyu.fi\/~hejajama\/\">Heikki M\u00e4ntysaari<\/a><\/td><td>Associate Professor, HIP project leader<\/td><\/tr><tr><td><a href=\"http:\/\/users.jyu.fi\/~htpaukku\/\">Hannu Paukkunen<\/a><\/td><td>Senior Lecturer<\/td><\/tr><tr><td>Ilkka Helenius<\/td><td>University researcher (CoE)<\/td><\/tr><tr><td>Harri Niemi<\/td><td>University researcher (CoE)<\/td><\/tr><tr><td>Vadim Guzey<\/td><td>University researcher (CoE\/Paukkunen, CoE\/Lappi)<\/td><\/tr><\/tbody><\/table><\/figure>\n\n\n\n<h3 class=\"wp-block-heading\"><br>Postdoctoral researchers:<\/h3>\n\n\n\n<figure class=\"wp-block-table\"><table class=\"has-fixed-layout\"><tbody><tr><td>Xuanbo Tong<\/td><td>HIP\/M\u00e4ntysaari<\/td><\/tr><tr><td>Felix Hekhorn<\/td><td>RCF\/Helenius<\/td><\/tr><tr><td>Pooja<\/td><td>CoE\/Lappi<\/td><\/tr><tr><td>Abhiram Kaushik<\/td><td>ERC\/M\u00e4ntysaari<\/td><\/tr><tr><td>Xiaojian Du<\/td><td>CoE\/Lappi<\/td><\/tr><tr><td>Swaleha Mulani<\/td><td>ERC\/M\u00e4ntysaari<\/td><\/tr><tr><td>Oleh Fedkevych<\/td><td>RCF\/Helenius<\/td><\/tr><tr><td>Caio de Brito<\/td><td>CoE\/Eskola<\/td><\/tr><tr><td>Hendrik Roch<\/td><td>ERC\/M\u00e4ntysaari<\/td><\/tr><\/tbody><\/table><\/figure>\n\n\n\n<h3 class=\"wp-block-heading\"><br>Graduate Students:<\/h3>\n\n\n\n<figure class=\"wp-block-table\"><table class=\"has-fixed-layout\"><tbody><tr><td>Dana Avramescu<\/td><td>V\u00e4is\u00e4l\u00e4, CoE\/Lappi<\/td><\/tr><tr><td>Joni Laulainen<\/td><td>RCF\/Helenius<\/td><\/tr><tr><td>Carlisle Casuga<\/td><td>V\u00e4is\u00e4l\u00e4, ERC\/M\u00e4ntysaari<\/td><\/tr><tr><td>Sami Yrj\u00e4nheikki<\/td><td>CoE\/Paukkunen<\/td><\/tr><tr><td>Patricia Gimeno Estivill<\/td><td>SKR, ERC\/M\u00e4ntysaari<\/td><\/tr><tr><td>Madhav Chithirasreemadam<\/td><td>TOPI<\/td><\/tr><tr><td>Magnus Bertilsson<\/td><td>Ehrnrooth, ERC\/M\u00e4ntysaari<\/td><\/tr><tr><td>Tero Lappetel\u00e4inen<\/td><td>Wihuri, CoE\/Eskola<\/td><\/tr><tr><td>Pyry Runko<\/td><td>ERC\/M\u00e4ntysaari<\/td><\/tr><tr><td>Kosmo Kukkonen<\/td><td>CoE\/Eskola<\/td><\/tr><tr><td>Ville Alanko<\/td><td>HIP\/M\u00e4ntysaari<\/td><\/tr><tr><td>Anna-Mari Lev\u00e4lampi<\/td><td>JYU\/M\u00e4ntysaari<\/td><\/tr><tr><td>Constantin Sporleder<\/td><td>RCF\/Helenius<\/td><\/tr><\/tbody><\/table><\/figure>\n\n\n\n<h3 class=\"wp-block-heading\">Summer trainees 2025<\/h3>\n\n\n\n<ul class=\"wp-block-list\">\n<li>Anna-Mari Lev\u00e4lampi<\/li>\n\n\n\n<li>Arttu Vilenius<\/li>\n<\/ul>\n\n\n\n<p><\/p>\n","protected":false},"excerpt":{"rendered":"<p>This page shows the group members and their funding source. Senior Researchers: Kari J. Eskola Professor Tuomas Lappi Professor Heikki M\u00e4ntysaari Associate Professor, HIP project leader Hannu Paukkunen Senior Lecturer Ilkka Helenius University researcher (CoE) Harri Niemi University researcher (CoE) Vadim Guzey University researcher (CoE\/Paukkunen, CoE\/Lappi) Postdoctoral researchers: Xuanbo Tong HIP\/M\u00e4ntysaari Felix Hekhorn RCF\/Helenius Pooja [&hellip;]<\/p>\n","protected":false},"author":2,"featured_media":0,"parent":0,"menu_order":0,"comment_status":"closed","ping_status":"closed","template":"","meta":{"footnotes":""},"class_list":["post-111","page","type-page","status-publish","hentry","post"],"_links":{"self":[{"href":"https:\/\/research.hip.fi\/qcdtheory\/wp-json\/wp\/v2\/pages\/111","targetHints":{"allow":["GET"]}}],"collection":[{"href":"https:\/\/research.hip.fi\/qcdtheory\/wp-json\/wp\/v2\/pages"}],"about":[{"href":"https:\/\/research.hip.fi\/qcdtheory\/wp-json\/wp\/v2\/types\/page"}],"author":[{"embeddable":true,"href":"https:\/\/research.hip.fi\/qcdtheory\/wp-json\/wp\/v2\/users\/2"}],"replies":[{"embeddable":true,"href":"https:\/\/research.hip.fi\/qcdtheory\/wp-json\/wp\/v2\/comments?post=111"}],"version-history":[{"count":42,"href":"https:\/\/research.hip.fi\/qcdtheory\/wp-json\/wp\/v2\/pages\/111\/revisions"}],"predecessor-version":[{"id":818,"href":"https:\/\/research.hip.fi\/qcdtheory\/wp-json\/wp\/v2\/pages\/111\/revisions\/818"}],"wp:attachment":[{"href":"https:\/\/research.hip.fi\/qcdtheory\/wp-json\/wp\/v2\/media?parent=111"}],"curies":[{"name":"wp","href":"https:\/\/api.w.org\/{rel}","templated":true}]}}